{"id":34536,"date":"2025-08-09T13:33:18","date_gmt":"2025-08-09T13:33:18","guid":{"rendered":"https:\/\/doxee.com\/solutions\/moving-to-a-scalable-outsourcing-model\/"},"modified":"2025-12-29T12:33:07","modified_gmt":"2025-12-29T12:33:07","slug":"wechseln-sie-zu-einem-skalierbaren-outsourcing-modell","status":"publish","type":"page","link":"https:\/\/doxee.com\/de\/loesungen\/wechseln-sie-zu-einem-skalierbaren-outsourcing-modell\/","title":{"rendered":"Wechseln Sie zu einem skalierbaren Outsourcing-Modell"},"content":{"rendered":"\t\t<div data-elementor-type=\"wp-page\" data-elementor-id=\"34536\" class=\"elementor elementor-34536 elementor-27036\" data-elementor-post-type=\"page\">\n\t\t\t\t<div class=\"elementor-element elementor-element-66f803df mesh e-flex e-con-boxed e-con e-parent\" data-id=\"66f803df\" data-element_type=\"container\" data-e-type=\"container\" id=\"mesh\" data-settings=\"{&quot;background_background&quot;:&quot;classic&quot;,&quot;motion_fx_motion_fx_mouse&quot;:&quot;yes&quot;}\">\n\t\t\t\t\t<div class=\"e-con-inner\">\n\t\t<div class=\"elementor-element elementor-element-292ecb98 e-con-full e-flex e-con e-child\" data-id=\"292ecb98\" data-element_type=\"container\" data-e-type=\"container\">\n\t\t\t\t<div class=\"elementor-element elementor-element-c0c810e elementor-widget elementor-widget-heading\" data-id=\"c0c810e\" data-element_type=\"widget\" data-e-type=\"widget\" data-widget_type=\"heading.default\">\n\t\t\t\t<div class=\"elementor-widget-container\">\n\t\t\t\t\t<h1 class=\"elementor-heading-title elementor-size-default\">Wechsel zu einem skalierbaren Outsourcing-Modell<\/br>\nverf\u00fcgbar f\u00fcr on-Premise-, SaaS- oder als Doxee Managed Services<\/h1>\t\t\t\t<\/div>\n\t\t\t\t<\/div>\n\t\t\t\t<div class=\"elementor-element elementor-element-4a61c7f4 elementor-widget elementor-widget-text-editor\" data-id=\"4a61c7f4\" data-element_type=\"widget\" data-e-type=\"widget\" data-widget_type=\"text-editor.default\">\n\t\t\t\t<div class=\"elementor-widget-container\">\n\t\t\t\t\t\t\t\t\t<p>Mit der Doxee Platform\u00ae stehen Ihnen flexible Bereitstellungsmodelle zur Verf\u00fcgung \u2013 von on-Premise \u00fcber Public- oder Doxee-gehostete SaaS-L\u00f6sungen bis hin zum vollst\u00e4ndig gemanagten Service. Damit k\u00f6nnen Sie die Plattform unternehmensweit skalieren und gleichzeitig h\u00f6chste Standards in Governance, Compliance und Performance sicherstellen.<\/p>\t\t\t\t\t\t\t\t<\/div>\n\t\t\t\t<\/div>\n\t\t\t\t<div class=\"elementor-element elementor-element-17ab4c95 elementor-widget elementor-widget-button\" data-id=\"17ab4c95\" data-element_type=\"widget\" data-e-type=\"widget\" data-widget_type=\"button.default\">\n\t\t\t\t<div class=\"elementor-widget-container\">\n\t\t\t\t\t\t\t\t\t<div class=\"elementor-button-wrapper\">\n\t\t\t\t\t<a class=\"elementor-button elementor-button-link elementor-size-sm\" href=\"#more\">\n\t\t\t\t\t\t<span class=\"elementor-button-content-wrapper\">\n\t\t\t\t\t\t\t\t\t<span class=\"elementor-button-text\">Mehr erfahren<\/span>\n\t\t\t\t\t<\/span>\n\t\t\t\t\t<\/a>\n\t\t\t\t<\/div>\n\t\t\t\t\t\t\t\t<\/div>\n\t\t\t\t<\/div>\n\t\t\t\t<\/div>\n\t\t<div class=\"elementor-element elementor-element-50be61ef e-con-full e-flex e-con e-child\" data-id=\"50be61ef\" data-element_type=\"container\" data-e-type=\"container\">\n\t\t\t\t<div class=\"elementor-element elementor-element-169c4cf4 elementor-widget elementor-widget-image\" data-id=\"169c4cf4\" data-element_type=\"widget\" data-e-type=\"widget\" data-widget_type=\"image.default\">\n\t\t\t\t<div class=\"elementor-widget-container\">\n\t\t\t\t\t\t\t\t\t\t\t\t\t\t\t<img fetchpriority=\"high\" decoding=\"async\" width=\"800\" height=\"800\" src=\"https:\/\/doxee.com\/wp-content\/uploads\/2025\/09\/Scalable-outsourcing-2-1024x1024.png\" class=\"attachment-large size-large wp-image-34537\" alt=\"\" srcset=\"https:\/\/doxee.com\/wp-content\/uploads\/2025\/09\/Scalable-outsourcing-2-1024x1024.png 1024w, https:\/\/doxee.com\/wp-content\/uploads\/2025\/09\/Scalable-outsourcing-2-300x300.png 300w, https:\/\/doxee.com\/wp-content\/uploads\/2025\/09\/Scalable-outsourcing-2-150x150.png 150w, https:\/\/doxee.com\/wp-content\/uploads\/2025\/09\/Scalable-outsourcing-2-768x768.png 768w, https:\/\/doxee.com\/wp-content\/uploads\/2025\/09\/Scalable-outsourcing-2-1536x1536.png 1536w, https:\/\/doxee.com\/wp-content\/uploads\/2025\/09\/Scalable-outsourcing-2.png 2000w\" sizes=\"(max-width: 800px) 100vw, 800px\" \/>\t\t\t\t\t\t\t\t\t\t\t\t\t\t\t<\/div>\n\t\t\t\t<\/div>\n\t\t\t\t<\/div>\n\t\t\t\t\t<\/div>\n\t\t\t\t<\/div>\n\t\t<div class=\"elementor-element elementor-element-3dd8c89d e-flex e-con-boxed e-con e-parent\" data-id=\"3dd8c89d\" data-element_type=\"container\" data-e-type=\"container\" id=\"more\">\n\t\t\t\t\t<div class=\"e-con-inner\">\n\t\t\t\t<div class=\"elementor-element elementor-element-76502108 elementor-widget__width-initial elementor-widget elementor-widget-heading\" data-id=\"76502108\" data-element_type=\"widget\" data-e-type=\"widget\" data-widget_type=\"heading.default\">\n\t\t\t\t<div class=\"elementor-widget-container\">\n\t\t\t\t\t<h2 class=\"elementor-heading-title elementor-size-default\">Der Doxee-Vorteil: Infrastrukturgrenzen \u00fcberwinden f\u00fcr mehr strategische Freiheit <\/h2>\t\t\t\t<\/div>\n\t\t\t\t<\/div>\n\t\t\t\t\t<\/div>\n\t\t\t\t<\/div>\n\t\t<div class=\"elementor-element elementor-element-627fecdd e-flex e-con-boxed e-con e-parent\" data-id=\"627fecdd\" data-element_type=\"container\" data-e-type=\"container\">\n\t\t\t\t\t<div class=\"e-con-inner\">\n\t\t<div class=\"elementor-element elementor-element-48e2bcff e-grid e-con-full e-con e-child\" data-id=\"48e2bcff\" data-element_type=\"container\" data-e-type=\"container\">\n\t\t<div class=\"elementor-element elementor-element-79a03cb0 e-con-full e-flex e-con e-child\" data-id=\"79a03cb0\" data-element_type=\"container\" data-e-type=\"container\">\n\t\t\t\t<div class=\"elementor-element elementor-element-1d04e3c7 elementor-widget elementor-widget-heading\" data-id=\"1d04e3c7\" data-element_type=\"widget\" data-e-type=\"widget\" data-widget_type=\"heading.default\">\n\t\t\t\t<div class=\"elementor-widget-container\">\n\t\t\t\t\t<h3 class=\"elementor-heading-title elementor-size-default\">Flexibel implementieren \u2013 ohne Zugest\u00e4ndnisse<\/h3>\t\t\t\t<\/div>\n\t\t\t\t<\/div>\n\t\t\t\t<div class=\"elementor-element elementor-element-4cb1d91b elementor-widget elementor-widget-text-editor\" data-id=\"4cb1d91b\" data-element_type=\"widget\" data-e-type=\"widget\" data-widget_type=\"text-editor.default\">\n\t\t\t\t<div class=\"elementor-widget-container\">\n\t\t\t\t\t\t\t\t\t<p>Nutzen Sie die Doxee Platform\u00ae flexibel on-Premise oder in einer sicheren Public Cloud \u2013 ganz ohne Code\u00e4nderungen und ohne Einfluss auf Ihre bestehenden Workflows. Passen Sie Ihre Infrastruktur jederzeit skalierbar an neue Gesch\u00e4ftsanforderungen an.<\/p>\t\t\t\t\t\t\t\t<\/div>\n\t\t\t\t<\/div>\n\t\t\t\t<\/div>\n\t\t<div class=\"elementor-element elementor-element-15f4dfe4 e-con-full e-flex e-con e-child\" data-id=\"15f4dfe4\" data-element_type=\"container\" data-e-type=\"container\">\n\t\t\t\t<div class=\"elementor-element elementor-element-55aea0e1 elementor-widget elementor-widget-heading\" data-id=\"55aea0e1\" data-element_type=\"widget\" data-e-type=\"widget\" data-widget_type=\"heading.default\">\n\t\t\t\t<div class=\"elementor-widget-container\">\n\t\t\t\t\t<h3 class=\"elementor-heading-title elementor-size-default\">Entlastung der IT \u2013 f\u00fcr mehr Innovation<\/h3>\t\t\t\t<\/div>\n\t\t\t\t<\/div>\n\t\t\t\t<div class=\"elementor-element elementor-element-2de4c8ff elementor-widget elementor-widget-text-editor\" data-id=\"2de4c8ff\" data-element_type=\"widget\" data-e-type=\"widget\" data-widget_type=\"text-editor.default\">\n\t\t\t\t<div class=\"elementor-widget-container\">\n\t\t\t\t\t\t\t\t\t<p>Entscheiden Sie sich f\u00fcr das Modell, das am besten zu Ihrer Organisation passt: on-Premise, vom Anbieter gehostetes SaaS oder Managed Services \u2013 und profitieren Sie so von maximaler Kontrolle und Effizienz.<\/p>\t\t\t\t\t\t\t\t<\/div>\n\t\t\t\t<\/div>\n\t\t\t\t<\/div>\n\t\t<div class=\"elementor-element elementor-element-6580445a e-con-full e-flex e-con e-child\" data-id=\"6580445a\" data-element_type=\"container\" data-e-type=\"container\">\n\t\t\t\t<div class=\"elementor-element elementor-element-4126675e elementor-widget elementor-widget-heading\" data-id=\"4126675e\" data-element_type=\"widget\" data-e-type=\"widget\" data-widget_type=\"heading.default\">\n\t\t\t\t<div class=\"elementor-widget-container\">\n\t\t\t\t\t<h3 class=\"elementor-heading-title elementor-size-default\">Absolute Kontrolle \u2013 jederzeit und \u00fcberall<\/h3>\t\t\t\t<\/div>\n\t\t\t\t<\/div>\n\t\t\t\t<div class=\"elementor-element elementor-element-6ba2821a elementor-widget elementor-widget-text-editor\" data-id=\"6ba2821a\" data-element_type=\"widget\" data-e-type=\"widget\" data-widget_type=\"text-editor.default\">\n\t\t\t\t<div class=\"elementor-widget-container\">\n\t\t\t\t\t\t\t\t\t<p>Migrieren Sie bestehende Workflows und Prozesse nach und nach auf die Plattform in abgestimmten Phasen, die den gesch\u00e4ftlichen Priorit\u00e4ten entsprechen. So modernisieren Sie, ohne die Betriebsabl\u00e4ufe zu st\u00f6ren \u2013 jede Phase bleibt planbar, kontrollierbar und vollst\u00e4ndig unterst\u00fctzt.<\/p>\t\t\t\t\t\t\t\t<\/div>\n\t\t\t\t<\/div>\n\t\t\t\t<\/div>\n\t\t<div class=\"elementor-element elementor-element-12a8399 e-con-full e-flex e-con e-child\" data-id=\"12a8399\" data-element_type=\"container\" data-e-type=\"container\">\n\t\t\t\t<div class=\"elementor-element elementor-element-5f9d9f3 elementor-widget elementor-widget-heading\" data-id=\"5f9d9f3\" data-element_type=\"widget\" data-e-type=\"widget\" data-widget_type=\"heading.default\">\n\t\t\t\t<div class=\"elementor-widget-container\">\n\t\t\t\t\t<h3 class=\"elementor-heading-title elementor-size-default\">Migration nach eigenem Zeitplan \u2013 unabh\u00e4ngig<\/h3>\t\t\t\t<\/div>\n\t\t\t\t<\/div>\n\t\t\t\t<div class=\"elementor-element elementor-element-1b32a4a elementor-widget elementor-widget-text-editor\" data-id=\"1b32a4a\" data-element_type=\"widget\" data-e-type=\"widget\" data-widget_type=\"text-editor.default\">\n\t\t\t\t<div class=\"elementor-widget-container\">\n\t\t\t\t\t\t\t\t\t<p>Optional k\u00f6nnen Sie operative Verantwortlichkeiten \u2013 \u00dcberwachung, Patching und 24\/7-Management \u2013 auf die Managed-Services-Ebene verlagern, sodass sich Ihre Teams auf strategische Initiativen und wertsch\u00f6pfende Projekte fokussieren k\u00f6nnen.<\/p>\t\t\t\t\t\t\t\t<\/div>\n\t\t\t\t<\/div>\n\t\t\t\t<\/div>\n\t\t\t\t<\/div>\n\t\t\t\t\t<\/div>\n\t\t\t\t<\/div>\n\t\t<div class=\"elementor-element elementor-element-df8488c e-flex e-con-boxed e-con e-parent\" data-id=\"df8488c\" data-element_type=\"container\" data-e-type=\"container\">\n\t\t\t\t\t<div class=\"e-con-inner\">\n\t\t\t\t<div class=\"elementor-element elementor-element-2ad8a1ca elementor-widget elementor-widget-heading\" data-id=\"2ad8a1ca\" data-element_type=\"widget\" data-e-type=\"widget\" data-widget_type=\"heading.default\">\n\t\t\t\t<div class=\"elementor-widget-container\">\n\t\t\t\t\t<h2 class=\"elementor-heading-title elementor-size-default\">Nachweisbare Wirksamkeit:<\/br>Mehr Agilit\u00e4t und Effizienz \u2013 messbarer Mehrwert<\/h2>\t\t\t\t<\/div>\n\t\t\t\t<\/div>\n\t\t\t\t<div class=\"elementor-element elementor-element-43c5bc86 elementor-widget__width-initial elementor-widget elementor-widget-text-editor\" data-id=\"43c5bc86\" data-element_type=\"widget\" data-e-type=\"widget\" data-widget_type=\"text-editor.default\">\n\t\t\t\t<div class=\"elementor-widget-container\">\n\t\t\t\t\t\t\t\t\t<p>Unsere flexiblen Bereitstellungsmodelle liefern messbare Ergebnisse f\u00fcr Ihre IT-Abteilung. Durch die Umstellung auf Doxees Managed Hosted SaaS erzielen unsere Kunden folgende Vorteile:<\/p>\t\t\t\t\t\t\t\t<\/div>\n\t\t\t\t<\/div>\n\t\t\t\t\t<\/div>\n\t\t\t\t<\/div>\n\t\t<div class=\"elementor-element elementor-element-7e8f34af e-flex e-con-boxed e-con e-parent\" data-id=\"7e8f34af\" data-element_type=\"container\" data-e-type=\"container\">\n\t\t\t\t\t<div class=\"e-con-inner\">\n\t\t<div class=\"elementor-element elementor-element-104c9822 e-grid e-con-full e-con e-child\" data-id=\"104c9822\" data-element_type=\"container\" data-e-type=\"container\">\n\t\t<a class=\"elementor-element elementor-element-1a309176 e-con-full e-flex e-con e-child\" data-id=\"1a309176\" data-element_type=\"container\" data-e-type=\"container\" href=\"https:\/\/doxee.com\/de\/?page_id=34468\">\n\t\t\t\t<div class=\"elementor-element elementor-element-7f45636d elementor-widget elementor-widget-heading\" data-id=\"7f45636d\" data-element_type=\"widget\" data-e-type=\"widget\" data-widget_type=\"heading.default\">\n\t\t\t\t<div class=\"elementor-widget-container\">\n\t\t\t\t\t<h3 class=\"elementor-heading-title elementor-size-default\">30 %<\/h3>\t\t\t\t<\/div>\n\t\t\t\t<\/div>\n\t\t\t\t<div class=\"elementor-element elementor-element-30d9f108 elementor-widget elementor-widget-text-editor\" data-id=\"30d9f108\" data-element_type=\"widget\" data-e-type=\"widget\" data-widget_type=\"text-editor.default\">\n\t\t\t\t<div class=\"elementor-widget-container\">\n\t\t\t\t\t\t\t\t\t<p>Reduzierung der internen IT-Arbeitsbelastung<\/p>\t\t\t\t\t\t\t\t<\/div>\n\t\t\t\t<\/div>\n\t\t\t\t<div class=\"elementor-element elementor-element-1879b107 elementor-widget elementor-widget-text-editor\" data-id=\"1879b107\" data-element_type=\"widget\" data-e-type=\"widget\" data-widget_type=\"text-editor.default\">\n\t\t\t\t<div class=\"elementor-widget-container\">\n\t\t\t\t\t\t\t\t\t<p>Durch die Auslagerung der Plattform-Operationen an Doxee gewinnen interne Teams wertvolle Zeit zur\u00fcck, um sich auf Innovation statt auf Routineaufgaben zu konzentrieren.<\/p>\t\t\t\t\t\t\t\t<\/div>\n\t\t\t\t<\/div>\n\t\t\t\t<\/a>\n\t\t<a class=\"elementor-element elementor-element-948625b e-con-full e-flex e-con e-child\" data-id=\"948625b\" data-element_type=\"container\" data-e-type=\"container\" href=\"https:\/\/doxee.com\/de\/?page_id=34468\">\n\t\t\t\t<div class=\"elementor-element elementor-element-1b1528b0 elementor-widget elementor-widget-heading\" data-id=\"1b1528b0\" data-element_type=\"widget\" data-e-type=\"widget\" data-widget_type=\"heading.default\">\n\t\t\t\t<div class=\"elementor-widget-container\">\n\t\t\t\t\t<h3 class=\"elementor-heading-title elementor-size-default\">2x<\/h3>\t\t\t\t<\/div>\n\t\t\t\t<\/div>\n\t\t\t\t<div class=\"elementor-element elementor-element-1ee9d75a elementor-widget elementor-widget-text-editor\" data-id=\"1ee9d75a\" data-element_type=\"widget\" data-e-type=\"widget\" data-widget_type=\"text-editor.default\">\n\t\t\t\t<div class=\"elementor-widget-container\">\n\t\t\t\t\t\t\t\t\t<p>schnellere Produktionszeit f\u00fcr neue Arbeitsabl\u00e4ufe<\/p>\t\t\t\t\t\t\t\t<\/div>\n\t\t\t\t<\/div>\n\t\t\t\t<div class=\"elementor-element elementor-element-68a1fd84 elementor-widget elementor-widget-text-editor\" data-id=\"68a1fd84\" data-element_type=\"widget\" data-e-type=\"widget\" data-widget_type=\"text-editor.default\">\n\t\t\t\t<div class=\"elementor-widget-container\">\n\t\t\t\t\t\t\t\t\t<p>Mit einer vorkonfigurierten, skalierbaren Infrastruktur lassen sich neue Kommunikations-Workflows doppelt so schnell einf\u00fchren und anpassen \u2013 f\u00fcr deutlich h\u00f6here Agilit\u00e4tssteigerung der Fachbereiche.<\/p>\t\t\t\t\t\t\t\t<\/div>\n\t\t\t\t<\/div>\n\t\t\t\t<\/a>\n\t\t\t\t<\/div>\n\t\t\t\t\t<\/div>\n\t\t\t\t<\/div>\n\t\t<div class=\"elementor-element elementor-element-76314bfa e-con-full mesh e-flex e-con e-parent\" data-id=\"76314bfa\" data-element_type=\"container\" data-e-type=\"container\" data-settings=\"{&quot;background_background&quot;:&quot;classic&quot;}\">\n\t\t<div class=\"elementor-element elementor-element-64a3a55f e-flex e-con-boxed e-con e-child\" data-id=\"64a3a55f\" data-element_type=\"container\" data-e-type=\"container\">\n\t\t\t\t\t<div class=\"e-con-inner\">\n\t\t\t\t<div class=\"elementor-element elementor-element-3091586e elementor-widget elementor-widget-heading\" data-id=\"3091586e\" data-element_type=\"widget\" data-e-type=\"widget\" data-widget_type=\"heading.default\">\n\t\t\t\t<div class=\"elementor-widget-container\">\n\t\t\t\t\t<h2 class=\"elementor-heading-title elementor-size-default\">Sind Sie bereit, Ihr ideales Bereitstellungsmodell zu entwerfen?<\/h2>\t\t\t\t<\/div>\n\t\t\t\t<\/div>\n\t\t\t\t<div class=\"elementor-element elementor-element-6f7407b8 elementor-widget__width-initial elementor-widget elementor-widget-text-editor\" data-id=\"6f7407b8\" data-element_type=\"widget\" data-e-type=\"widget\" data-widget_type=\"text-editor.default\">\n\t\t\t\t<div class=\"elementor-widget-container\">\n\t\t\t\t\t\t\t\t\t<p>Jetzt einen Termin f\u00fcr eine umfassende technische Beratung mit unseren L\u00f6sungsarchitekten vereinbaren. Wir pr\u00fcfen Ihre individuellen Anforderungen an Infrastruktur, Verwaltung und Arbeitslast, um einen Modernisierungsplan zu entwickeln, der Ihrem Team maximale Leistung und optimalen ROI liefert.<\/p>\t\t\t\t\t\t\t\t<\/div>\n\t\t\t\t<\/div>\n\t\t<div class=\"elementor-element elementor-element-63f6e19d e-con-full e-flex e-con e-child\" data-id=\"63f6e19d\" data-element_type=\"container\" data-e-type=\"container\">\n\t\t\t\t<div class=\"elementor-element elementor-element-2facbc9e elementor-widget elementor-widget-button\" data-id=\"2facbc9e\" data-element_type=\"widget\" data-e-type=\"widget\" data-widget_type=\"button.default\">\n\t\t\t\t<div class=\"elementor-widget-container\">\n\t\t\t\t\t\t\t\t\t<div class=\"elementor-button-wrapper\">\n\t\t\t\t\t<a class=\"elementor-button elementor-button-link elementor-size-sm\" href=\"https:\/\/doxee.com\/de\/ressourcen\/\">\n\t\t\t\t\t\t<span class=\"elementor-button-content-wrapper\">\n\t\t\t\t\t\t\t\t\t<span class=\"elementor-button-text\">Zu unseren Ressourcen<\/span>\n\t\t\t\t\t<\/span>\n\t\t\t\t\t<\/a>\n\t\t\t\t<\/div>\n\t\t\t\t\t\t\t\t<\/div>\n\t\t\t\t<\/div>\n\t\t\t\t<div class=\"elementor-element elementor-element-32ebb32a elementor-widget elementor-widget-button\" data-id=\"32ebb32a\" data-element_type=\"widget\" data-e-type=\"widget\" data-widget_type=\"button.default\">\n\t\t\t\t<div class=\"elementor-widget-container\">\n\t\t\t\t\t\t\t\t\t<div class=\"elementor-button-wrapper\">\n\t\t\t\t\t<a class=\"elementor-button elementor-button-link elementor-size-sm\" href=\"https:\/\/doxee.com\/de\/kontakt\/\">\n\t\t\t\t\t\t<span class=\"elementor-button-content-wrapper\">\n\t\t\t\t\t\t\t\t\t<span class=\"elementor-button-text\">Kontakt<\/span>\n\t\t\t\t\t<\/span>\n\t\t\t\t\t<\/a>\n\t\t\t\t<\/div>\n\t\t\t\t\t\t\t\t<\/div>\n\t\t\t\t<\/div>\n\t\t\t\t<\/div>\n\t\t\t\t\t<\/div>\n\t\t\t\t<\/div>\n\t\t\t\t<\/div>\n\t\t\t\t<\/div>\n\t\t","protected":false},"excerpt":{"rendered":"<p>Wechsel zu einem skalierbaren Outsourcing-Modell verf\u00fcgbar f\u00fcr on-Premise-, SaaS- oder als Doxee Managed Services Mit der Doxee Platform\u00ae stehen Ihnen flexible Bereitstellungsmodelle zur Verf\u00fcgung \u2013 von on-Premise \u00fcber Public- oder Doxee-gehostete SaaS-L\u00f6sungen bis hin zum vollst\u00e4ndig gemanagten Service. Damit k\u00f6nnen Sie die Plattform unternehmensweit skalieren und gleichzeitig h\u00f6chste Standards in Governance, Compliance und Performance sicherstellen. [&hellip;]<\/p>\n","protected":false},"author":1,"featured_media":0,"parent":34523,"menu_order":0,"comment_status":"closed","ping_status":"closed","template":"","meta":{"_acf_changed":false,"content-type":"","footnotes":""},"class_list":["post-34536","page","type-page","status-publish","hentry"],"acf":[],"_links":{"self":[{"href":"https:\/\/doxee.com\/de\/wp-json\/wp\/v2\/pages\/34536","targetHints":{"allow":["GET"]}}],"collection":[{"href":"https:\/\/doxee.com\/de\/wp-json\/wp\/v2\/pages"}],"about":[{"href":"https:\/\/doxee.com\/de\/wp-json\/wp\/v2\/types\/page"}],"author":[{"embeddable":true,"href":"https:\/\/doxee.com\/de\/wp-json\/wp\/v2\/users\/1"}],"replies":[{"embeddable":true,"href":"https:\/\/doxee.com\/de\/wp-json\/wp\/v2\/comments?post=34536"}],"version-history":[{"count":0,"href":"https:\/\/doxee.com\/de\/wp-json\/wp\/v2\/pages\/34536\/revisions"}],"up":[{"embeddable":true,"href":"https:\/\/doxee.com\/de\/wp-json\/wp\/v2\/pages\/34523"}],"wp:attachment":[{"href":"https:\/\/doxee.com\/de\/wp-json\/wp\/v2\/media?parent=34536"}],"curies":[{"name":"wp","href":"https:\/\/api.w.org\/{rel}","templated":true}]}}